{"id":1152,"date":"2016-06-23T11:42:09","date_gmt":"2016-06-23T11:42:09","guid":{"rendered":"http:\/\/127.0.0.1\/sitecreci\/?page_id=1152"},"modified":"2026-02-19T17:17:21","modified_gmt":"2026-02-19T17:17:21","slug":"conselho","status":"publish","type":"page","link":"https:\/\/creci-pa.gov.br\/?page_id=1152","title":{"rendered":"Conselho"},"content":{"rendered":"\t\t<div data-elementor-type=\"wp-page\" data-elementor-id=\"1152\" class=\"elementor elementor-1152\" data-elementor-post-type=\"page\">\n\t\t\t\t\t\t<section class=\"elementor-section elementor-top-section elementor-element elementor-element-74337e1 elementor-section-full_width elementor-section-height-min-height elementor-section-height-default elementor-section-items-middle\" data-id=\"74337e1\" data-element_type=\"section\" data-e-type=\"section\" data-settings=\"{&quot;background_background&quot;:&quot;classic&quot;}\">\n\t\t\t\t\t\t\t<div class=\"elementor-background-overlay\"><\/div>\n\t\t\t\t\t\t\t<div class=\"elementor-container elementor-column-gap-default\">\n\t\t\t\t\t<div class=\"elementor-column elementor-col-100 elementor-top-column elementor-element elementor-element-9a4d6bd\" data-id=\"9a4d6bd\" data-element_type=\"column\" data-e-type=\"column\">\n\t\t\t<div class=\"elementor-widget-wrap elementor-element-populated\">\n\t\t\t\t\t\t<div class=\"elementor-element elementor-element-1dcb66a elementor-widget elementor-widget-heading\" data-id=\"1dcb66a\" data-element_type=\"widget\" data-e-type=\"widget\" data-widget_type=\"heading.default\">\n\t\t\t\t<div class=\"elementor-widget-container\">\n\t\t\t\t\t<h2 class=\"elementor-heading-title elementor-size-default\">Conselheiros do CRECI 12\u00aa Regi\u00e3o - PA<\/h2>\t\t\t\t<\/div>\n\t\t\t\t<\/div>\n\t\t\t\t<div class=\"elementor-element elementor-element-6cca5f9 elementor-widget elementor-widget-text-editor\" data-id=\"6cca5f9\" data-element_type=\"widget\" data-e-type=\"widget\" data-widget_type=\"text-editor.default\">\n\t\t\t\t<div class=\"elementor-widget-container\">\n\t\t\t\t\t\t\t\t\t<p>GEST\u00c3O 2025 a 2027<\/p>\t\t\t\t\t\t\t\t<\/div>\n\t\t\t\t<\/div>\n\t\t\t\t\t<\/div>\n\t\t<\/div>\n\t\t\t\t\t<\/div>\n\t\t<\/section>\n\t\t\t\t<section class=\"elementor-section elementor-top-section elementor-element elementor-element-91513a0 elementor-section-boxed elementor-section-height-default elementor-section-height-default\" data-id=\"91513a0\" data-element_type=\"section\" data-e-type=\"section\">\n\t\t\t\t\t\t<div class=\"elementor-container elementor-column-gap-default\">\n\t\t\t\t\t<div class=\"elementor-column elementor-col-50 elementor-top-column elementor-element elementor-element-40fb028\" data-id=\"40fb028\" data-element_type=\"column\" data-e-type=\"column\">\n\t\t\t<div class=\"elementor-widget-wrap elementor-element-populated\">\n\t\t\t\t\t\t<div class=\"elementor-element elementor-element-3a85605 elementor-widget elementor-widget-heading\" data-id=\"3a85605\" data-element_type=\"widget\" data-e-type=\"widget\" data-widget_type=\"heading.default\">\n\t\t\t\t<div class=\"elementor-widget-container\">\n\t\t\t\t\t<h3 class=\"elementor-heading-title elementor-size-default\">EFETIVOS<\/h3>\t\t\t\t<\/div>\n\t\t\t\t<\/div>\n\t\t\t\t<div class=\"elementor-element elementor-element-ab779fe elementor-widget elementor-widget-text-editor\" data-id=\"ab779fe\" data-element_type=\"widget\" data-e-type=\"widget\" data-widget_type=\"text-editor.default\">\n\t\t\t\t<div class=\"elementor-widget-container\">\n\t\t\t\t\t\t\t\t\t<p>DRIANA CARLA MONTEIRO DA SILVA<br \/>ALEF RODRIGUES AGUIAR<br \/>ALESSANDRO CHAVES WARISS<br \/>ALINE DA CONCEI\u00c7\u00c3O GONCALVES GIBSON<br \/>ANA PATRICIA DA COSTA POLARO<br \/>ANTONIO JOS\u00c9 DA FONSECA SANTOS<br \/>ANTONIO MARIA SANTOS SOUSA<br \/>CARLOS FREDERICO PINTO RIBEIRO<br \/>CLAUDIA CRAVEIRO GONCALVES<br \/>ELIANA PUREZA MACHADO<br \/>ELIELSON LINO MENDES<br \/>ELIEZER NAZARE DOS SANTOS SILVA<br \/>EULALIA CALDAS LOPES<br \/>FIRMINO GOUVEIA DOS SANTOS<br \/>JACILENE DE NAZARE FERNANDES RODRIGUES<br \/>JEAN CORREA BARBOSA<br \/>JOAO GUILHERME BERNARDINO OLIVEIRA JUNIOR<br \/>JOSE ROBERTO NUNES LOPES<br \/>JOSE RONALDO UCHOA PINHEIRO<br \/>MANASSES ARTUR MELO DE MORAIS<br \/>MARIA LUISA MENDES CARNEIRO<br \/>MAURILIA MARIANO GRIPP<br \/>NILZA SILVA DUARTE DA COSTA<br \/>PAULO GERSON DA SILVA COSTA<br \/>RAIMUNDO CARLOS DA SILVA RIBEIRO<br \/>RAIMUNDO MAGNO LOPES<br \/>WAGNER DOS SANTOS PINTO JUNIOR<\/p>\t\t\t\t\t\t\t\t<\/div>\n\t\t\t\t<\/div>\n\t\t\t\t\t<\/div>\n\t\t<\/div>\n\t\t\t\t<div class=\"elementor-column elementor-col-50 elementor-top-column elementor-element elementor-element-4be59b6\" data-id=\"4be59b6\" data-element_type=\"column\" data-e-type=\"column\">\n\t\t\t<div class=\"elementor-widget-wrap elementor-element-populated\">\n\t\t\t\t\t\t<div class=\"elementor-element elementor-element-c18e5a7 elementor-widget elementor-widget-heading\" data-id=\"c18e5a7\" data-element_type=\"widget\" data-e-type=\"widget\" data-widget_type=\"heading.default\">\n\t\t\t\t<div class=\"elementor-widget-container\">\n\t\t\t\t\t<h3 class=\"elementor-heading-title elementor-size-default\">SUPLENTES<\/h3>\t\t\t\t<\/div>\n\t\t\t\t<\/div>\n\t\t\t\t<div class=\"elementor-element elementor-element-074c508 elementor-widget elementor-widget-text-editor\" data-id=\"074c508\" data-element_type=\"widget\" data-e-type=\"widget\" data-widget_type=\"text-editor.default\">\n\t\t\t\t<div class=\"elementor-widget-container\">\n\t\t\t\t\t\t\t\t\t<p>ANTONIO PINHEIRO FILHO<br \/>DILENO BERTHIER ALMEIDA DE LIMA<br \/>ELIELSON LINO MENDES<br \/>ELOISA HELENA SAMPAIO DE OLIVEIRA<br \/>FERNANDA CRISTINA PAIX\u00c3O DA SILVA<br \/>FERNANDO AGUIAR PEREIRA GUIMARAES FILHO<br \/>GUILHERME NOGUEIRA ATHAYDE<br \/>JORGE OSMAR PINHEIRO DILLON<br \/>LUCELI DO SOCORRO PUREZA MACHADO<br \/>LUCIANO PONTES ALVES<br \/>LUIZ HENRIQUE BAHDE DE CARVALHO RELVAS<br \/>MARCELO DO CARMO SILVA<br \/>MARCILENE DO SOCORRO DA SILVA COSTA<br \/>MARIA CECILIA MONTEIRO DE LIMA<br \/>MARIA IZAURA FURTADO ALENCAR<br \/>MAURO CESAR MELO RIBEIRO FILHO<br \/>NARLUCE LIMA SIM\u00d5ES PUTINI<br \/>NESTOR AUGUSTO RODRIGUES<br \/>PAULO FREIRE DE MATOS FILHO<br \/>RAQUEL FURTADO PERDIG\u00c3O<br \/>RAUL FERNANDEZ WANDERLEY<br \/>ROMULO FIGUEIREDO DONZA<br \/>ROSANA BRANDAO SATO<br \/>TATIANY SUELEN DA SILVA DUARTE<br \/>TERESINHA GERMANO DE BRITO<br \/>WALBER FREITAS DE AVIZ<br \/>WALESSA NEVES DOS SANTOS<\/p>\t\t\t\t\t\t\t\t<\/div>\n\t\t\t\t<\/div>\n\t\t\t\t\t<\/div>\n\t\t<\/div>\n\t\t\t\t\t<\/div>\n\t\t<\/section>\n\t\t\t\t<\/div>\n\t\t","protected":false},"excerpt":{"rendered":"<p>Conselheiros do CRECI 12\u00aa Regi\u00e3o &#8211; PA GEST\u00c3O 2025 a 2027 EFETIVOS DRIANA CARLA MONTEIRO DA SILVAALEF RODRIGUES AGUIARALESSANDRO CHAVES WARISSALINE DA CONCEI\u00c7\u00c3O GONCALVES GIBSONANA PATRICIA DA COSTA POLAROANTONIO JOS\u00c9 DA FONSECA SANTOSANTONIO MARIA SANTOS SOUSACARLOS FREDERICO PINTO RIBEIROCLAUDIA CRAVEIRO GONCALVESELIANA PUREZA MACHADOELIELSON LINO MENDESELIEZER NAZARE DOS SANTOS SILVAEULALIA CALDAS LOPESFIRMINO GOUVEIA DOS SANTOSJACILENE DE [&hellip;]<\/p>\n","protected":false},"author":31,"featured_media":0,"parent":409,"menu_order":0,"comment_status":"closed","ping_status":"closed","template":"elementor_header_footer","meta":{"_exactmetrics_skip_tracking":false,"_exactmetrics_sitenote_active":false,"_exactmetrics_sitenote_note":"","_exactmetrics_sitenote_category":0,"footnotes":""},"class_list":["post-1152","page","type-page","status-publish","hentry"],"_links":{"self":[{"href":"https:\/\/creci-pa.gov.br\/index.php?rest_route=\/wp\/v2\/pages\/1152","targetHints":{"allow":["GET"]}}],"collection":[{"href":"https:\/\/creci-pa.gov.br\/index.php?rest_route=\/wp\/v2\/pages"}],"about":[{"href":"https:\/\/creci-pa.gov.br\/index.php?rest_route=\/wp\/v2\/types\/page"}],"author":[{"embeddable":true,"href":"https:\/\/creci-pa.gov.br\/index.php?rest_route=\/wp\/v2\/users\/31"}],"replies":[{"embeddable":true,"href":"https:\/\/creci-pa.gov.br\/index.php?rest_route=%2Fwp%2Fv2%2Fcomments&post=1152"}],"version-history":[{"count":100,"href":"https:\/\/creci-pa.gov.br\/index.php?rest_route=\/wp\/v2\/pages\/1152\/revisions"}],"predecessor-version":[{"id":17877,"href":"https:\/\/creci-pa.gov.br\/index.php?rest_route=\/wp\/v2\/pages\/1152\/revisions\/17877"}],"up":[{"embeddable":true,"href":"https:\/\/creci-pa.gov.br\/index.php?rest_route=\/wp\/v2\/pages\/409"}],"wp:attachment":[{"href":"https:\/\/creci-pa.gov.br\/index.php?rest_route=%2Fwp%2Fv2%2Fmedia&parent=1152"}],"curies":[{"name":"wp","href":"https:\/\/api.w.org\/{rel}","templated":true}]}}