{"id":11901,"date":"2022-10-27T20:37:33","date_gmt":"2022-10-27T20:37:33","guid":{"rendered":"https:\/\/creci-pa.gov.br\/?page_id=11901"},"modified":"2025-08-05T19:35:19","modified_gmt":"2025-08-05T19:35:19","slug":"quem-somos-creci1","status":"publish","type":"page","link":"https:\/\/creci-pa.gov.br\/?page_id=11901","title":{"rendered":"Quem somos creci1"},"content":{"rendered":"\t\t<div data-elementor-type=\"wp-page\" data-elementor-id=\"11901\" class=\"elementor elementor-11901\" data-elementor-post-type=\"page\">\n\t\t\t\t\t\t<section class=\"elementor-section elementor-top-section elementor-element elementor-element-10693d3e elementor-section-height-min-height elementor-section-boxed elementor-section-height-default elementor-section-items-middle\" data-id=\"10693d3e\" data-element_type=\"section\" data-e-type=\"section\" data-settings=\"{&quot;background_background&quot;:&quot;classic&quot;}\">\n\t\t\t\t\t\t\t<div class=\"elementor-background-overlay\"><\/div>\n\t\t\t\t\t\t\t<div class=\"elementor-container elementor-column-gap-default\">\n\t\t\t\t\t<div class=\"elementor-column elementor-col-100 elementor-top-column elementor-element elementor-element-5c0f1fe0\" data-id=\"5c0f1fe0\" data-element_type=\"column\" data-e-type=\"column\">\n\t\t\t<div class=\"elementor-widget-wrap elementor-element-populated\">\n\t\t\t\t\t\t<div class=\"elementor-element elementor-element-e51a270 elementor-widget elementor-widget-heading\" data-id=\"e51a270\" data-element_type=\"widget\" data-e-type=\"widget\" data-widget_type=\"heading.default\">\n\t\t\t\t<div class=\"elementor-widget-container\">\n\t\t\t\t\t<h1 class=\"elementor-heading-title elementor-size-default\">Quem Somos<\/h1>\t\t\t\t<\/div>\n\t\t\t\t<\/div>\n\t\t\t\t<div class=\"elementor-element elementor-element-7faf0db3 elementor-widget elementor-widget-text-editor\" data-id=\"7faf0db3\" data-element_type=\"widget\" data-e-type=\"widget\" data-widget_type=\"text-editor.default\">\n\t\t\t\t<div class=\"elementor-widget-container\">\n\t\t\t\t\t\t\t\t\t\t\t\t\t\t\t\t\t<\/div>\n\t\t\t\t<\/div>\n\t\t\t\t\t<\/div>\n\t\t<\/div>\n\t\t\t\t\t<\/div>\n\t\t<\/section>\n\t\t\t\t<section class=\"elementor-section elementor-top-section elementor-element elementor-element-05877ce elementor-section-boxed elementor-section-height-default elementor-section-height-default\" data-id=\"05877ce\" data-element_type=\"section\" data-e-type=\"section\">\n\t\t\t\t\t\t<div class=\"elementor-container elementor-column-gap-default\">\n\t\t\t\t\t<div class=\"elementor-column elementor-col-100 elementor-top-column elementor-element elementor-element-edb3627\" data-id=\"edb3627\" data-element_type=\"column\" data-e-type=\"column\">\n\t\t\t<div class=\"elementor-widget-wrap elementor-element-populated\">\n\t\t\t\t\t\t<div class=\"elementor-element elementor-element-b632ddf elementor-widget elementor-widget-heading\" data-id=\"b632ddf\" data-element_type=\"widget\" data-e-type=\"widget\" data-widget_type=\"heading.default\">\n\t\t\t\t<div class=\"elementor-widget-container\">\n\t\t\t\t\t<h2 class=\"elementor-heading-title elementor-size-default\">\u00d3rg\u00e3o integrado ao Sistema CRECI\/COFECI<\/h2>\t\t\t\t<\/div>\n\t\t\t\t<\/div>\n\t\t\t\t\t<\/div>\n\t\t<\/div>\n\t\t\t\t\t<\/div>\n\t\t<\/section>\n\t\t\t\t<section class=\"elementor-section elementor-top-section elementor-element elementor-element-2387ba2 elementor-section-boxed elementor-section-height-default elementor-section-height-default\" data-id=\"2387ba2\" data-element_type=\"section\" data-e-type=\"section\">\n\t\t\t\t\t\t<div class=\"elementor-container elementor-column-gap-default\">\n\t\t\t\t\t<div class=\"elementor-column elementor-col-100 elementor-top-column elementor-element elementor-element-d20dc08\" data-id=\"d20dc08\" data-element_type=\"column\" data-e-type=\"column\">\n\t\t\t<div class=\"elementor-widget-wrap elementor-element-populated\">\n\t\t\t\t\t\t<div class=\"elementor-element elementor-element-07c0108 elementor-widget elementor-widget-text-editor\" data-id=\"07c0108\" data-element_type=\"widget\" data-e-type=\"widget\" data-widget_type=\"text-editor.default\">\n\t\t\t\t<div class=\"elementor-widget-container\">\n\t\t\t\t\t\t\t\t\t<p><strong>O Conselho Regional de Corretores de Im\u00f3veis da 12\u00aa Regi\u00e3o PA, pessoa jur\u00eddica de direito p\u00fablico, inscrita no CNPJ sob n\u00ba 04.574.646\/0001-33, com sede e foro na Travessa Timb\u00f3 n\u00b0 2744, bairro do Marco, na cidade de Bel\u00e9m, Capital do Estado do Par\u00e1, fundado em 12\/02\/1979, com base na Resolu\u00e7\u00e3o COFECI n\u00ba 57\/73, a qual foi ratificada pela Resolu\u00e7\u00e3o COFECI n\u00ba 09\/78 de 06\/11\/1978 e re-ratificada pela Resolu\u00e7\u00e3o COFECI n\u00ba 026\/79, de 22\/01\/1979,\u00a0 elaborada nos termos da Lei de reg\u00eancia da profiss\u00e3o \u00e0 \u00e9poca em vigor, atualmente sob a \u00e9gide da Lei n\u00ba 6.530, de 12 de maio de 1978, regulamentada pelo Decreto n\u00ba 81.871, de 29 de junho de 1978, e que sofreu altera\u00e7\u00f5es introduzidas pela Lei n\u00ba 10.795, de 05 de dezembro de 2003.<\/strong><\/p>\n<p><strong>\u00c9 um \u00f3rg\u00e3o integrante do Sistema COFECI\/CRECI, com poderes para fiscalizar, orientar e disciplinar o exerc\u00edcio da profiss\u00e3o de Corretor de Im\u00f3veis em todo o territ\u00f3rio do Estado do Par\u00e1, al\u00e9m de representar, nos limites de sua compet\u00eancia e abrang\u00eancia, com autonomia administrativa, operacional e financeira, em ju\u00edzo ou fora dele, os leg\u00edtimos interesses de seus inscritos.<\/strong><\/p>\n<p><strong>\u00c9 uma autarquia federal corporativa e embora seja uma organiza\u00e7\u00e3o pertencente ao Estado, n\u00e3o recebe ajuda financeira governamental, sendo sua principal fonte de renda as anuidades pagas pelos corretores de im\u00f3veis inscritos no Regional.<\/strong><\/p>\n<p><strong>Embora tendo que autogerir-se, como qualquer autarquia federal, suas receitas e despesas est\u00e3o sujeitas \u00e0 fiscaliza\u00e7\u00e3o do Tribunal de Contas da Uni\u00e3o \u2013 TCU.<\/strong><\/p>\t\t\t\t\t\t\t\t<\/div>\n\t\t\t\t<\/div>\n\t\t\t\t\t<\/div>\n\t\t<\/div>\n\t\t\t\t\t<\/div>\n\t\t<\/section>\n\t\t\t\t<section class=\"elementor-section elementor-top-section elementor-element elementor-element-7e0d8fb elementor-section-boxed elementor-section-height-default elementor-section-height-default\" data-id=\"7e0d8fb\" data-element_type=\"section\" data-e-type=\"section\">\n\t\t\t\t\t\t<div class=\"elementor-container elementor-column-gap-default\">\n\t\t\t\t\t<div class=\"elementor-column elementor-col-100 elementor-top-column elementor-element elementor-element-e12b1d3\" data-id=\"e12b1d3\" data-element_type=\"column\" data-e-type=\"column\">\n\t\t\t<div class=\"elementor-widget-wrap elementor-element-populated\">\n\t\t\t\t\t\t<div class=\"elementor-element elementor-element-4091df4 elementor-widget elementor-widget-heading\" data-id=\"4091df4\" data-element_type=\"widget\" data-e-type=\"widget\" data-widget_type=\"heading.default\">\n\t\t\t\t<div class=\"elementor-widget-container\">\n\t\t\t\t\t<h2 class=\"elementor-heading-title elementor-size-default\">Compet\u00eancia COFECI x CRECI'S<\/h2>\t\t\t\t<\/div>\n\t\t\t\t<\/div>\n\t\t\t\t\t<\/div>\n\t\t<\/div>\n\t\t\t\t\t<\/div>\n\t\t<\/section>\n\t\t\t\t<section class=\"elementor-section elementor-top-section elementor-element elementor-element-c86cc23 elementor-section-boxed elementor-section-height-default elementor-section-height-default\" data-id=\"c86cc23\" data-element_type=\"section\" data-e-type=\"section\">\n\t\t\t\t\t\t<div class=\"elementor-container elementor-column-gap-default\">\n\t\t\t\t\t<div class=\"elementor-column elementor-col-100 elementor-top-column elementor-element elementor-element-7519f9f\" data-id=\"7519f9f\" data-element_type=\"column\" data-e-type=\"column\">\n\t\t\t<div class=\"elementor-widget-wrap elementor-element-populated\">\n\t\t\t\t\t\t<div class=\"elementor-element elementor-element-66dc6bc elementor-widget elementor-widget-text-editor\" data-id=\"66dc6bc\" data-element_type=\"widget\" data-e-type=\"widget\" data-widget_type=\"text-editor.default\">\n\t\t\t\t<div class=\"elementor-widget-container\">\n\t\t\t\t\t\t\t\t\t<p><strong>O COFECI e os CRECIs t\u00eam finalidades definidas pela Lei n\u00ba 6.530\/78 e Decreto 81.871\/78, que s\u00e3o:<\/strong><\/p>\n<p><strong>Ao COFECI cabe normatizar, orientar, supervisionar e disciplinar o exerc\u00edcio da profiss\u00e3o de corretor de im\u00f3veis em todo o territ\u00f3rio nacional, cabendo-lhe expedir Resolu\u00e7\u00f5es e outros diplomas normativos, no \u00e2mbito de sua compet\u00eancia, homologar Atos dos Regionais, nos termos da Lei, analisar e resolver d\u00favidas suscitadas pelos Regionais, fixar, anualmente, os valores das anuidades dos corretores de im\u00f3veis e imobili\u00e1rias, a aplica\u00e7\u00e3o de penalidades de multas e, julgar, como \u00faltima e definitiva inst\u00e2ncia, os recursos das decis\u00f5es proferidas pelos Conselhos Regionais, dentre outras compet\u00eancias.<\/strong><\/p>\n<p><strong>Os CRECIs, por sua vez, exercem, no \u00e2mbito de sua compet\u00eancia e jurisdi\u00e7\u00e3o, dentre outras, a\u00e7\u00f5es de natureza fiscalizadora, orientadora, disciplinar, deliberativa, administrativa e supervisora do exerc\u00edcio da profiss\u00e3o de corretor de im\u00f3veis pessoa f\u00edsica e jur\u00eddica, em sua respectiva\u00a0 Unidade\u00a0 Federativa.<\/strong><\/p>\n<p><strong>Os CRECIs se mant\u00eam com as contribui\u00e7\u00f5es anuais de seus membros, pessoas f\u00edsicas e jur\u00eddicas e t\u00eam ainda o direito de cobrar pelos seus servi\u00e7os e aplicar multas quando preciso, dentro da Legisla\u00e7\u00e3o vigente.<\/strong><\/p>\n<p><strong>Tamb\u00e9m \u00e9 fun\u00e7\u00e3o dos CRECIs a sele\u00e7\u00e3o dos profissionais que podem desempenhar a atividade no ramo imobili\u00e1rio, ap\u00f3s cumprirem as exig\u00eancias de qualifica\u00e7\u00e3o.<\/strong><\/p>\n<p><strong>A inscri\u00e7\u00e3o nos respectivos CRECIs \u00e9 condi\u00e7\u00e3o imprescind\u00edvel, para o exerc\u00edcio da profiss\u00e3o de corretor de im\u00f3veis em todo o territ\u00f3rio nacional.<\/strong><\/p>\n<p><strong>A falta de inscri\u00e7\u00e3o no CRECI torna ilegal o exerc\u00edcio da profiss\u00e3o de corretor de im\u00f3veis, com penalidades previstas no artigo 47 da Lei de Contraven\u00e7\u00f5es Penais.<\/strong><\/p>\n<p><strong>Os CRECIs t\u00eam como norma disciplinar, al\u00e9m da fiscaliza\u00e7\u00e3o do exerc\u00edcio da profiss\u00e3o, defender a Sociedade e os Consumidores dos Falsos Corretores e dos maus profissionais.<\/strong><\/p>\t\t\t\t\t\t\t\t<\/div>\n\t\t\t\t<\/div>\n\t\t\t\t\t<\/div>\n\t\t<\/div>\n\t\t\t\t\t<\/div>\n\t\t<\/section>\n\t\t\t\t<section class=\"elementor-section elementor-top-section elementor-element elementor-element-20f2a86 elementor-section-boxed elementor-section-height-default elementor-section-height-default\" data-id=\"20f2a86\" data-element_type=\"section\" data-e-type=\"section\">\n\t\t\t\t\t\t<div class=\"elementor-container elementor-column-gap-default\">\n\t\t\t\t\t<div class=\"elementor-column elementor-col-100 elementor-top-column elementor-element elementor-element-ae2ab78\" data-id=\"ae2ab78\" data-element_type=\"column\" data-e-type=\"column\">\n\t\t\t<div class=\"elementor-widget-wrap elementor-element-populated\">\n\t\t\t\t\t\t<div class=\"elementor-element elementor-element-9d1abea elementor-widget elementor-widget-heading\" data-id=\"9d1abea\" data-element_type=\"widget\" data-e-type=\"widget\" data-widget_type=\"heading.default\">\n\t\t\t\t<div class=\"elementor-widget-container\">\n\t\t\t\t\t<h2 class=\"elementor-heading-title elementor-size-default\">CRECI'S x Sindicatos<\/h2>\t\t\t\t<\/div>\n\t\t\t\t<\/div>\n\t\t\t\t\t<\/div>\n\t\t<\/div>\n\t\t\t\t\t<\/div>\n\t\t<\/section>\n\t\t\t\t<section class=\"elementor-section elementor-top-section elementor-element elementor-element-5412001 elementor-section-boxed elementor-section-height-default elementor-section-height-default\" data-id=\"5412001\" data-element_type=\"section\" data-e-type=\"section\">\n\t\t\t\t\t\t<div class=\"elementor-container elementor-column-gap-default\">\n\t\t\t\t\t<div class=\"elementor-column elementor-col-100 elementor-top-column elementor-element elementor-element-7afee76\" data-id=\"7afee76\" data-element_type=\"column\" data-e-type=\"column\">\n\t\t\t<div class=\"elementor-widget-wrap elementor-element-populated\">\n\t\t\t\t\t\t<div class=\"elementor-element elementor-element-07937a9 elementor-widget elementor-widget-text-editor\" data-id=\"07937a9\" data-element_type=\"widget\" data-e-type=\"widget\" data-widget_type=\"text-editor.default\">\n\t\t\t\t<div class=\"elementor-widget-container\">\n\t\t\t\t\t\t\t\t\t<p><strong>Os CRECIs s\u00e3o fiscalizados pelo Tribunal de Contas da Uni\u00e3o, tendo como principal compet\u00eancia: A disciplina e fiscaliza\u00e7\u00e3o da profiss\u00e3o, e a defesa da Sociedade contra os Falsos Corretores e maus Profissionais.<\/strong><\/p>\n<p><strong>Os Sindicatos s\u00e3o associa\u00e7\u00f5es que t\u00eam o objetivo de defender os interesses comuns da categoria. N\u00e3o \u00e9 de sua compet\u00eancia legal a fiscaliza\u00e7\u00e3o da classe, o registro profissional ou a cassa\u00e7\u00e3o desse registro. S\u00e3o entidades livres, n\u00e3o estando sujeitos \u00e0s autoridades p\u00fablicas, exceto se praticarem crimes previstos nas leis penais.<\/strong><\/p>\t\t\t\t\t\t\t\t<\/div>\n\t\t\t\t<\/div>\n\t\t\t\t\t<\/div>\n\t\t<\/div>\n\t\t\t\t\t<\/div>\n\t\t<\/section>\n\t\t\t\t<section class=\"elementor-section elementor-top-section elementor-element elementor-element-45eeb11 elementor-section-boxed elementor-section-height-default elementor-section-height-default\" data-id=\"45eeb11\" data-element_type=\"section\" data-e-type=\"section\">\n\t\t\t\t\t\t<div class=\"elementor-container elementor-column-gap-default\">\n\t\t\t\t\t<div class=\"elementor-column elementor-col-100 elementor-top-column elementor-element elementor-element-5667aae\" data-id=\"5667aae\" data-element_type=\"column\" data-e-type=\"column\">\n\t\t\t<div class=\"elementor-widget-wrap elementor-element-populated\">\n\t\t\t\t\t\t<div class=\"elementor-element elementor-element-4d74851 elementor-widget elementor-widget-heading\" data-id=\"4d74851\" data-element_type=\"widget\" data-e-type=\"widget\" data-widget_type=\"heading.default\">\n\t\t\t\t<div class=\"elementor-widget-container\">\n\t\t\t\t\t<h2 class=\"elementor-heading-title elementor-size-default\">Sede, Foro e Jurisdi\u00e7\u00e3o do COFECI e dos CRECI'S<\/h2>\t\t\t\t<\/div>\n\t\t\t\t<\/div>\n\t\t\t\t\t<\/div>\n\t\t<\/div>\n\t\t\t\t\t<\/div>\n\t\t<\/section>\n\t\t\t\t<section class=\"elementor-section elementor-top-section elementor-element elementor-element-ee72a56 elementor-section-boxed elementor-section-height-default elementor-section-height-default\" data-id=\"ee72a56\" data-element_type=\"section\" data-e-type=\"section\">\n\t\t\t\t\t\t<div class=\"elementor-container elementor-column-gap-default\">\n\t\t\t\t\t<div class=\"elementor-column elementor-col-100 elementor-top-column elementor-element elementor-element-baf5323\" data-id=\"baf5323\" data-element_type=\"column\" data-e-type=\"column\">\n\t\t\t<div class=\"elementor-widget-wrap elementor-element-populated\">\n\t\t\t\t\t\t<div class=\"elementor-element elementor-element-a7f1beb elementor-widget elementor-widget-text-editor\" data-id=\"a7f1beb\" data-element_type=\"widget\" data-e-type=\"widget\" data-widget_type=\"text-editor.default\">\n\t\t\t\t<div class=\"elementor-widget-container\">\n\t\t\t\t\t\t\t\t\t<p><strong>O COFECI tem sede e foro na Capital da Rep\u00fablica e jurisdi\u00e7\u00e3o em todo o territ\u00f3rio nacional.<\/strong><\/p>\n<p><strong>Os CRECIs t\u00eam sede e foro nas respectivas Capitais dos Estados e jurisdi\u00e7\u00e3o em todo o territ\u00f3rio por eles abrangido.<\/strong><\/p>\n<p><strong>COMPOSI\u00c7\u00c3O DO COFECI E CRECIs<\/strong><\/p>\n<p><strong>O COFECI \u00e9 composto por dois representantes efetivos e dois suplentes de cada Conselho Regional, eleitos dentre os seus membros.<\/strong><\/p>\n<p><strong>Cada CRECI \u00e9 composto por 27 Conselheiros Efetivos e 27 Suplentes, eleitos de tr\u00eas em tr\u00eas anos. Somente poder\u00e3o ser Conselheiros dos CRECIs os corretores de im\u00f3veis com inscri\u00e7\u00e3o principal na jurisdi\u00e7\u00e3o, h\u00e1 mais de dois (02) anos e que n\u00e3o tenham sido condenados por infra\u00e7\u00e3o disciplinar.<\/strong><\/p>\t\t\t\t\t\t\t\t<\/div>\n\t\t\t\t<\/div>\n\t\t\t\t\t<\/div>\n\t\t<\/div>\n\t\t\t\t\t<\/div>\n\t\t<\/section>\n\t\t\t\t<section class=\"elementor-section elementor-top-section elementor-element elementor-element-c6b1653 elementor-section-boxed elementor-section-height-default elementor-section-height-default\" data-id=\"c6b1653\" data-element_type=\"section\" data-e-type=\"section\">\n\t\t\t\t\t\t<div class=\"elementor-container elementor-column-gap-default\">\n\t\t\t\t\t<div class=\"elementor-column elementor-col-100 elementor-top-column elementor-element elementor-element-7964e63\" data-id=\"7964e63\" data-element_type=\"column\" data-e-type=\"column\">\n\t\t\t<div class=\"elementor-widget-wrap elementor-element-populated\">\n\t\t\t\t\t\t<div class=\"elementor-element elementor-element-baaa3e2 elementor-widget elementor-widget-heading\" data-id=\"baaa3e2\" data-element_type=\"widget\" data-e-type=\"widget\" data-widget_type=\"heading.default\">\n\t\t\t\t<div class=\"elementor-widget-container\">\n\t\t\t\t\t<h2 class=\"elementor-heading-title elementor-size-default\">Admnistra\u00e7\u00e3o do COFECI e dos CRECI'S<\/h2>\t\t\t\t<\/div>\n\t\t\t\t<\/div>\n\t\t\t\t\t<\/div>\n\t\t<\/div>\n\t\t\t\t\t<\/div>\n\t\t<\/section>\n\t\t\t\t<section class=\"elementor-section elementor-top-section elementor-element elementor-element-a1a310b elementor-section-boxed elementor-section-height-default elementor-section-height-default\" data-id=\"a1a310b\" data-element_type=\"section\" data-e-type=\"section\">\n\t\t\t\t\t\t<div class=\"elementor-container elementor-column-gap-default\">\n\t\t\t\t\t<div class=\"elementor-column elementor-col-100 elementor-top-column elementor-element elementor-element-c24e3db\" data-id=\"c24e3db\" data-element_type=\"column\" data-e-type=\"column\">\n\t\t\t<div class=\"elementor-widget-wrap elementor-element-populated\">\n\t\t\t\t\t\t<div class=\"elementor-element elementor-element-ce34b89 elementor-widget elementor-widget-text-editor\" data-id=\"ce34b89\" data-element_type=\"widget\" data-e-type=\"widget\" data-widget_type=\"text-editor.default\">\n\t\t\t\t<div class=\"elementor-widget-container\">\n\t\t\t\t\t\t\t\t\t<p><strong>O COFECI e os CRECIs t\u00eam como \u00f3rg\u00e3o deliberativo o Plen\u00e1rio e como \u00f3rg\u00e3o administrativo a diretoria, eleita dentre seus Conselheiros Efetivos.<\/strong><\/p>\t\t\t\t\t\t\t\t<\/div>\n\t\t\t\t<\/div>\n\t\t\t\t\t<\/div>\n\t\t<\/div>\n\t\t\t\t\t<\/div>\n\t\t<\/section>\n\t\t\t\t<section class=\"elementor-section elementor-top-section elementor-element elementor-element-68423fb elementor-section-boxed elementor-section-height-default elementor-section-height-default\" data-id=\"68423fb\" data-element_type=\"section\" data-e-type=\"section\">\n\t\t\t\t\t\t<div class=\"elementor-container elementor-column-gap-default\">\n\t\t\t\t\t<div class=\"elementor-column elementor-col-100 elementor-top-column elementor-element elementor-element-bd12d03\" data-id=\"bd12d03\" data-element_type=\"column\" data-e-type=\"column\">\n\t\t\t<div class=\"elementor-widget-wrap elementor-element-populated\">\n\t\t\t\t\t\t<div class=\"elementor-element elementor-element-fc0966d elementor-widget elementor-widget-heading\" data-id=\"fc0966d\" data-element_type=\"widget\" data-e-type=\"widget\" data-widget_type=\"heading.default\">\n\t\t\t\t<div class=\"elementor-widget-container\">\n\t\t\t\t\t<h2 class=\"elementor-heading-title elementor-size-default\">Composi\u00e7\u00e3o da Diretoria<\/h2>\t\t\t\t<\/div>\n\t\t\t\t<\/div>\n\t\t\t\t\t<\/div>\n\t\t<\/div>\n\t\t\t\t\t<\/div>\n\t\t<\/section>\n\t\t\t\t<section class=\"elementor-section elementor-top-section elementor-element elementor-element-17f2f75 elementor-section-boxed elementor-section-height-default elementor-section-height-default\" data-id=\"17f2f75\" data-element_type=\"section\" data-e-type=\"section\">\n\t\t\t\t\t\t<div class=\"elementor-container elementor-column-gap-default\">\n\t\t\t\t\t<div class=\"elementor-column elementor-col-100 elementor-top-column elementor-element elementor-element-e247281\" data-id=\"e247281\" data-element_type=\"column\" data-e-type=\"column\">\n\t\t\t<div class=\"elementor-widget-wrap elementor-element-populated\">\n\t\t\t\t\t\t<div class=\"elementor-element elementor-element-fc54c75 elementor-widget elementor-widget-text-editor\" data-id=\"fc54c75\" data-element_type=\"widget\" data-e-type=\"widget\" data-widget_type=\"text-editor.default\">\n\t\t\t\t<div class=\"elementor-widget-container\">\n\t\t\t\t\t\t\t\t\t<p><strong>01 Presidente<\/strong><\/p>\n<p><strong>02 Vice-Presidentes<\/strong><\/p>\n<p><strong>02 Diretores Secret\u00e1rios<\/strong><\/p>\n<p><strong>02 Diretores Tesoureiros<\/strong><\/p>\t\t\t\t\t\t\t\t<\/div>\n\t\t\t\t<\/div>\n\t\t\t\t\t<\/div>\n\t\t<\/div>\n\t\t\t\t\t<\/div>\n\t\t<\/section>\n\t\t\t\t<\/div>\n\t\t","protected":false},"excerpt":{"rendered":"<p>Quem Somos \u00d3rg\u00e3o integrado ao Sistema CRECI\/COFECI O Conselho Regional de Corretores de Im\u00f3veis da 12\u00aa Regi\u00e3o PA, pessoa jur\u00eddica de direito p\u00fablico, inscrita no CNPJ sob n\u00ba 04.574.646\/0001-33, com sede e foro na Travessa Timb\u00f3 n\u00b0 2744, bairro do Marco, na cidade de Bel\u00e9m, Capital do Estado do Par\u00e1, fundado em 12\/02\/1979, com base [&hellip;]<\/p>\n","protected":false},"author":32,"featured_media":0,"parent":0,"menu_order":0,"comment_status":"closed","ping_status":"closed","template":"elementor_header_footer","meta":{"_exactmetrics_skip_tracking":false,"_exactmetrics_sitenote_active":false,"_exactmetrics_sitenote_note":"","_exactmetrics_sitenote_category":0,"footnotes":""},"class_list":["post-11901","page","type-page","status-publish","hentry"],"_links":{"self":[{"href":"https:\/\/creci-pa.gov.br\/index.php?rest_route=\/wp\/v2\/pages\/11901","targetHints":{"allow":["GET"]}}],"collection":[{"href":"https:\/\/creci-pa.gov.br\/index.php?rest_route=\/wp\/v2\/pages"}],"about":[{"href":"https:\/\/creci-pa.gov.br\/index.php?rest_route=\/wp\/v2\/types\/page"}],"author":[{"embeddable":true,"href":"https:\/\/creci-pa.gov.br\/index.php?rest_route=\/wp\/v2\/users\/32"}],"replies":[{"embeddable":true,"href":"https:\/\/creci-pa.gov.br\/index.php?rest_route=%2Fwp%2Fv2%2Fcomments&post=11901"}],"version-history":[{"count":16,"href":"https:\/\/creci-pa.gov.br\/index.php?rest_route=\/wp\/v2\/pages\/11901\/revisions"}],"predecessor-version":[{"id":17655,"href":"https:\/\/creci-pa.gov.br\/index.php?rest_route=\/wp\/v2\/pages\/11901\/revisions\/17655"}],"wp:attachment":[{"href":"https:\/\/creci-pa.gov.br\/index.php?rest_route=%2Fwp%2Fv2%2Fmedia&parent=11901"}],"curies":[{"name":"wp","href":"https:\/\/api.w.org\/{rel}","templated":true}]}}