{"id":17055,"date":"2025-02-18T18:19:35","date_gmt":"2025-02-18T18:19:35","guid":{"rendered":"https:\/\/creci-pa.gov.br\/?page_id=17055"},"modified":"2025-11-05T11:58:15","modified_gmt":"2025-11-05T11:58:15","slug":"comissoes","status":"publish","type":"page","link":"https:\/\/creci-pa.gov.br\/?page_id=17055","title":{"rendered":"COMISS\u00d5ES"},"content":{"rendered":"\t\t<div data-elementor-type=\"wp-page\" data-elementor-id=\"17055\" class=\"elementor elementor-17055\" data-elementor-post-type=\"page\">\n\t\t\t\t\t\t<section class=\"elementor-section elementor-top-section elementor-element elementor-element-0426da8 elementor-section-full_width elementor-section-height-min-height elementor-section-height-default elementor-section-items-middle\" data-id=\"0426da8\" data-element_type=\"section\" data-e-type=\"section\" data-settings=\"{&quot;background_background&quot;:&quot;classic&quot;}\">\n\t\t\t\t\t\t\t<div class=\"elementor-background-overlay\"><\/div>\n\t\t\t\t\t\t\t<div class=\"elementor-container elementor-column-gap-default\">\n\t\t\t\t\t<div class=\"elementor-column elementor-col-100 elementor-top-column elementor-element elementor-element-78002ba\" data-id=\"78002ba\" data-element_type=\"column\" data-e-type=\"column\">\n\t\t\t<div class=\"elementor-widget-wrap elementor-element-populated\">\n\t\t\t\t\t\t<div class=\"elementor-element elementor-element-8f7735a elementor-widget elementor-widget-heading\" data-id=\"8f7735a\" data-element_type=\"widget\" data-e-type=\"widget\" data-widget_type=\"heading.default\">\n\t\t\t\t<div class=\"elementor-widget-container\">\n\t\t\t\t\t<h2 class=\"elementor-heading-title elementor-size-default\">COMISS\u00d5ES<\/h2>\t\t\t\t<\/div>\n\t\t\t\t<\/div>\n\t\t\t\t\t<\/div>\n\t\t<\/div>\n\t\t\t\t\t<\/div>\n\t\t<\/section>\n\t\t<div class=\"elementor-element elementor-element-f730987 e-flex e-con-boxed e-con e-parent\" data-id=\"f730987\" data-element_type=\"container\" data-e-type=\"container\">\n\t\t\t\t\t<div class=\"e-con-inner\">\n\t\t<div class=\"elementor-element elementor-element-df9fd6c e-con-full e-flex e-con e-child\" data-id=\"df9fd6c\" data-element_type=\"container\" data-e-type=\"container\">\n\t\t\t\t<div class=\"elementor-element elementor-element-226ce1e elementor-widget elementor-widget-heading\" data-id=\"226ce1e\" data-element_type=\"widget\" data-e-type=\"widget\" data-widget_type=\"heading.default\">\n\t\t\t\t<div class=\"elementor-widget-container\">\n\t\t\t\t\t<h2 class=\"elementor-heading-title elementor-size-default\">CEFISP<\/h2>\t\t\t\t<\/div>\n\t\t\t\t<\/div>\n\t\t\t\t<div class=\"elementor-element elementor-element-a485f5c elementor-widget elementor-widget-text-editor\" data-id=\"a485f5c\" data-element_type=\"widget\" data-e-type=\"widget\" data-widget_type=\"text-editor.default\">\n\t\t\t\t<div class=\"elementor-widget-container\">\n\t\t\t\t\t\t\t\t\t<p>(Comiss\u00e3o de \u00c9tica e Fiscaliza\u00e7\u00e3o Profissional)<\/p>\t\t\t\t\t\t\t\t<\/div>\n\t\t\t\t<\/div>\n\t\t\t\t<div class=\"elementor-element elementor-element-eda8eb5 elementor-widget elementor-widget-text-editor\" data-id=\"eda8eb5\" data-element_type=\"widget\" data-e-type=\"widget\" data-widget_type=\"text-editor.default\">\n\t\t\t\t<div class=\"elementor-widget-container\">\n\t\t\t\t\t\t\t\t\t<p style=\"text-align: left;\"><strong>COORDENADORA GERAL<\/strong><\/p><p style=\"text-align: left;\">EULALIA CALDAS LOPES &#8211; CRECI N\u00ba 600<\/p><p style=\"text-align: left;\"><strong>COORDENADOR ADJUNTO:<\/strong><\/p><p style=\"text-align: left;\">SEVERINO ARANHA DA SILVA &#8211; CRECI N\u00ba 5163<\/p><p style=\"text-align: left;\"><strong>MEMBROS:<\/strong><\/p><p style=\"text-align: left;\">ANTONIA PEREIRA DA SILVA SANTOS &#8211; CRECI N\u00ba 3656\u00a0<br \/>FERNANDA CRISTINA PAIX\u00c3O DA SILVA &#8211; CRECI N\u00ba 10804<br \/>IRIS LYNTIERE DE SOUSA CABRAL BRAUN &#8211; CRECI N\u00ba 9052<br \/>MARCILENE DO SOCORRO DA SILVA COSTA &#8211; CRECI N\u00ba 9699<br \/>MARLICE DE MORAES CUNHA &#8211; CRECI N\u00ba\u00a0 7956<br \/>MARCOS ANDRE LUSTOSA MARTINS &#8211; CRECI N\u00ba 4788<br \/>MARIA CECILIA MONTEIRO DE LIMA &#8211; CRECI N\u00ba 3639<br \/>NARLUCE LIMA SIM\u00d5ES PUTINI &#8211; CRECI N\u00ba 11191<br \/>NESTOR AUGUSTO RODRIGUES &#8211; CRECI N\u00ba 3238<br \/>RAQUEL FURTADO PERDIG\u00c3O &#8211; CRECI N\u00ba 10953<br \/>RAUL FERNANDEZ WANDERLEY &#8211; CRECI N\u00ba 3251<\/p>\t\t\t\t\t\t\t\t<\/div>\n\t\t\t\t<\/div>\n\t\t\t\t<\/div>\n\t\t<div class=\"elementor-element elementor-element-2be1003 e-con-full e-flex e-con e-child\" data-id=\"2be1003\" data-element_type=\"container\" data-e-type=\"container\">\n\t\t\t\t<div class=\"elementor-element elementor-element-fc67702 elementor-widget elementor-widget-heading\" data-id=\"fc67702\" data-element_type=\"widget\" data-e-type=\"widget\" data-widget_type=\"heading.default\">\n\t\t\t\t<div class=\"elementor-widget-container\">\n\t\t\t\t\t<h2 class=\"elementor-heading-title elementor-size-default\">COAPIN<\/h2>\t\t\t\t<\/div>\n\t\t\t\t<\/div>\n\t\t\t\t<div class=\"elementor-element elementor-element-a67b38c elementor-widget elementor-widget-text-editor\" data-id=\"a67b38c\" data-element_type=\"widget\" data-e-type=\"widget\" data-widget_type=\"text-editor.default\">\n\t\t\t\t<div class=\"elementor-widget-container\">\n\t\t\t\t\t\t\t\t\t<p>(Comiss\u00e3o de An\u00e1lise e Processo de Inscri\u00e7\u00e3o)<\/p>\t\t\t\t\t\t\t\t<\/div>\n\t\t\t\t<\/div>\n\t\t\t\t<div class=\"elementor-element elementor-element-4123592 elementor-widget elementor-widget-text-editor\" data-id=\"4123592\" data-element_type=\"widget\" data-e-type=\"widget\" data-widget_type=\"text-editor.default\">\n\t\t\t\t<div class=\"elementor-widget-container\">\n\t\t\t\t\t\t\t\t\t<p style=\"text-align: left;\"><strong>COORDENADORA GERAL<\/strong><\/p>\n<p style=\"text-align: left;\">RAIMUNDO MAGNO LOPES &#8211; CRECI N\u00ba 11<\/p>\n<p style=\"text-align: left;\"><strong>MEMBROS:<\/strong><\/p>\n<p style=\"text-align: left;\">ELIEZER NAZAR\u00c9 DOS SANTOS SILVA &#8211; CRECI N\u00ba 2999<br>MARIA SONIA CONCEI\u00c7\u00c3O DE MORAIS &#8211; CRECI N\u00ba 13050<br>MARIA IZAURA FURTADO ALENCAR &#8211; CRECI N\u00ba 8685<br>ELIELSON LINO MENDES &#8211; CRECI N\u00ba 1714<br>SANDRA SILVANA NASCIMENTO PINHEIRO &#8211; CRECI N\u00ba 7755<br>WALESSA NEVES DOS SANTOS &#8211; CRECI N\u00ba 11282<\/p><p style=\"text-align: left;\"><br><\/p>\t\t\t\t\t\t\t\t<\/div>\n\t\t\t\t<\/div>\n\t\t\t\t<\/div>\n\t\t<div class=\"elementor-element elementor-element-8fbe4f3 e-con-full e-flex e-con e-child\" data-id=\"8fbe4f3\" data-element_type=\"container\" data-e-type=\"container\">\n\t\t\t\t<div class=\"elementor-element elementor-element-24443b8 elementor-widget elementor-widget-heading\" data-id=\"24443b8\" data-element_type=\"widget\" data-e-type=\"widget\" data-widget_type=\"heading.default\">\n\t\t\t\t<div class=\"elementor-widget-container\">\n\t\t\t\t\t<h2 class=\"elementor-heading-title elementor-size-default\">CRECICON<\/h2>\t\t\t\t<\/div>\n\t\t\t\t<\/div>\n\t\t\t\t<div class=\"elementor-element elementor-element-4c90e89 elementor-widget elementor-widget-text-editor\" data-id=\"4c90e89\" data-element_type=\"widget\" data-e-type=\"widget\" data-widget_type=\"text-editor.default\">\n\t\t\t\t<div class=\"elementor-widget-container\">\n\t\t\t\t\t\t\t\t\t<p>(Comiss\u00e3o de Atendimento ao Consumidor do Mercado Imobili\u00e1rio)<\/p>\t\t\t\t\t\t\t\t<\/div>\n\t\t\t\t<\/div>\n\t\t\t\t<div class=\"elementor-element elementor-element-5dd9536 elementor-widget elementor-widget-text-editor\" data-id=\"5dd9536\" data-element_type=\"widget\" data-e-type=\"widget\" data-widget_type=\"text-editor.default\">\n\t\t\t\t<div class=\"elementor-widget-container\">\n\t\t\t\t\t\t\t\t\t<p style=\"text-align: left;\"><strong>MEMBROS:<\/strong><\/p><p style=\"text-align: left;\">JOS\u00c9 ALFREDO DA SILVA SANTANA &#8211; CRECI N\u00ba 1913<br \/>PAULO GERSON DA SILVA COSTA &#8211; CRECI N\u00ba 3359<br \/>FIRMINO GOUVEIA DOS SANTOS &#8211; CRECI N\u00ba 3535<br \/>MARIA SONIA CONCEI\u00c7\u00c3O DE MORAIS &#8211; CRECI N\u00ba 13050<br \/>MARPIA CALLEGARI &#8211; CRECI N\u00ba 12324<br \/>JOAO GUILHERME BERNARDINO OLIVEIRA JUNIOR &#8211; CRECI N\u00ba 4508<\/p>\t\t\t\t\t\t\t\t<\/div>\n\t\t\t\t<\/div>\n\t\t\t\t<\/div>\n\t\t<div class=\"elementor-element elementor-element-0f57eed e-con-full e-flex e-con e-child\" data-id=\"0f57eed\" data-element_type=\"container\" data-e-type=\"container\">\n\t\t\t\t<div class=\"elementor-element elementor-element-de938b0 elementor-widget elementor-widget-heading\" data-id=\"de938b0\" data-element_type=\"widget\" data-e-type=\"widget\" data-widget_type=\"heading.default\">\n\t\t\t\t<div class=\"elementor-widget-container\">\n\t\t\t\t\t<h2 class=\"elementor-heading-title elementor-size-default\">COMISS\u00c3O DE TRABALHO - CASTANHAL<\/h2>\t\t\t\t<\/div>\n\t\t\t\t<\/div>\n\t\t\t\t<div class=\"elementor-element elementor-element-6c622cd elementor-widget elementor-widget-text-editor\" data-id=\"6c622cd\" data-element_type=\"widget\" data-e-type=\"widget\" data-widget_type=\"text-editor.default\">\n\t\t\t\t<div class=\"elementor-widget-container\">\n\t\t\t\t\t\t\t\t\t<p style=\"text-align: left;\"><strong><br \/>Ouvidoria e Den\u00fancias:<br \/><\/strong>MAUR\u00cdLIA MARIANO GRIPP \u2013 CRECI 2310<\/p><p><strong>Comiss\u00e3o de Trabalho das Prerrogativas do Corretor de Im\u00f3veis:<br \/><\/strong>JOS\u00c9 MOREIRA SALES \u2013 CRECI 10.789<br \/>ALESSANDRA DE F\u00c1TIMA DA SILVA OLIVEIRA \u2013 CRECI 11.731<strong><br \/><\/strong><\/p><p><strong>Comiss\u00e3o de Trabalho para Conv\u00eanios<br \/><\/strong>ANT\u00d4NIO FERNANDO ALBIM NOBRE &#8211; CRECI 10.127<br \/>JANE CLEIDE DE MAGALHAES ARAUJO \u2013 CRECI 3.499<\/p><p><strong>Comiss\u00e3o de Trabalho para EVENTOS PALESTRAS E CURSOS:<br \/><\/strong>JEANNE BRUNA SANTOS SERR\u00c3O DE CASTRO \u2013 CRECI 11.823<br \/>DANILO MARTINS LIMA \u2013 CRECI 11.243<\/p><p><strong>Comiss\u00e3o de Trabalho para REGULARIZA\u00c7\u00c3O FUNDI\u00c1RIA\/CART\u00d3RIOS:<br \/><\/strong>JOSIEL RODRIGUES MARTINS JUNIOR \u2013 CRECI 1.752<strong><br \/><\/strong><\/p>\t\t\t\t\t\t\t\t<\/div>\n\t\t\t\t<\/div>\n\t\t\t\t<\/div>\n\t\t<div class=\"elementor-element elementor-element-53e4fff e-con-full e-flex e-con e-child\" data-id=\"53e4fff\" data-element_type=\"container\" data-e-type=\"container\">\n\t\t\t\t<div class=\"elementor-element elementor-element-920a646 elementor-widget elementor-widget-heading\" data-id=\"920a646\" data-element_type=\"widget\" data-e-type=\"widget\" data-widget_type=\"heading.default\">\n\t\t\t\t<div class=\"elementor-widget-container\">\n\t\t\t\t\t<h2 class=\"elementor-heading-title elementor-size-default\">CIACC - COMISS\u00c3O IMOBILI\u00c1RIA PARA ASSUNTOS CRECI\/CAIXA<\/h2>\t\t\t\t<\/div>\n\t\t\t\t<\/div>\n\t\t\t\t<div class=\"elementor-element elementor-element-af776ad elementor-widget elementor-widget-text-editor\" data-id=\"af776ad\" data-element_type=\"widget\" data-e-type=\"widget\" data-widget_type=\"text-editor.default\">\n\t\t\t\t<div class=\"elementor-widget-container\">\n\t\t\t\t\t\t\t\t\t<p style=\"text-align: left;\"><strong><br>Coordenadora Geral:<br><\/strong>ELIANA PUREZA MACHADO \u2013 CRECI 2265<\/p>\n<p><strong>MEMBROS:<\/strong><\/p>\n<p>ANT\u00d4NIA APARECIDA MIGUEL &#8211; CRECI N\u00ba 6729<br>CIBELE JIVATMAM GUERREIRO HOLANDA&nbsp; BRITTO &#8211; CRECI N\u00ba 9101<br>IDEVAL PAMPLONA LIMA &#8211; CRECI N\u00ba 3661<br>JOANNE BRAND\u00c3O MIRANDA &#8211; CRECI N\u00ba 9054<\/p>\t\t\t\t\t\t\t\t<\/div>\n\t\t\t\t<\/div>\n\t\t\t\t<\/div>\n\t\t\t\t\t<\/div>\n\t\t\t\t<\/div>\n\t\t\t\t<\/div>\n\t\t","protected":false},"excerpt":{"rendered":"<p>COMISS\u00d5ES CEFISP (Comiss\u00e3o de \u00c9tica e Fiscaliza\u00e7\u00e3o Profissional) COORDENADORA GERAL EULALIA CALDAS LOPES &#8211; CRECI N\u00ba 600 COORDENADOR ADJUNTO: SEVERINO ARANHA DA SILVA &#8211; CRECI N\u00ba 5163 MEMBROS: ANTONIA PEREIRA DA SILVA SANTOS &#8211; CRECI N\u00ba 3656\u00a0FERNANDA CRISTINA PAIX\u00c3O DA SILVA &#8211; CRECI N\u00ba 10804IRIS LYNTIERE DE SOUSA CABRAL BRAUN &#8211; CRECI N\u00ba 9052MARCILENE DO [&hellip;]<\/p>\n","protected":false},"author":32,"featured_media":0,"parent":409,"menu_order":0,"comment_status":"closed","ping_status":"closed","template":"elementor_header_footer","meta":{"_exactmetrics_skip_tracking":false,"_exactmetrics_sitenote_active":false,"_exactmetrics_sitenote_note":"","_exactmetrics_sitenote_category":0,"footnotes":""},"class_list":["post-17055","page","type-page","status-publish","hentry"],"_links":{"self":[{"href":"https:\/\/creci-pa.gov.br\/index.php?rest_route=\/wp\/v2\/pages\/17055","targetHints":{"allow":["GET"]}}],"collection":[{"href":"https:\/\/creci-pa.gov.br\/index.php?rest_route=\/wp\/v2\/pages"}],"about":[{"href":"https:\/\/creci-pa.gov.br\/index.php?rest_route=\/wp\/v2\/types\/page"}],"author":[{"embeddable":true,"href":"https:\/\/creci-pa.gov.br\/index.php?rest_route=\/wp\/v2\/users\/32"}],"replies":[{"embeddable":true,"href":"https:\/\/creci-pa.gov.br\/index.php?rest_route=%2Fwp%2Fv2%2Fcomments&post=17055"}],"version-history":[{"count":43,"href":"https:\/\/creci-pa.gov.br\/index.php?rest_route=\/wp\/v2\/pages\/17055\/revisions"}],"predecessor-version":[{"id":17721,"href":"https:\/\/creci-pa.gov.br\/index.php?rest_route=\/wp\/v2\/pages\/17055\/revisions\/17721"}],"up":[{"embeddable":true,"href":"https:\/\/creci-pa.gov.br\/index.php?rest_route=\/wp\/v2\/pages\/409"}],"wp:attachment":[{"href":"https:\/\/creci-pa.gov.br\/index.php?rest_route=%2Fwp%2Fv2%2Fmedia&parent=17055"}],"curies":[{"name":"wp","href":"https:\/\/api.w.org\/{rel}","templated":true}]}}