{"id":426,"date":"2016-03-09T19:49:46","date_gmt":"2016-03-09T19:49:46","guid":{"rendered":"http:\/\/127.0.0.1\/sitecreci\/?page_id=426"},"modified":"2022-11-07T14:35:48","modified_gmt":"2022-11-07T14:35:48","slug":"secretaria-administrativa","status":"publish","type":"page","link":"https:\/\/creci-pa.gov.br\/?page_id=426","title":{"rendered":"Secretaria Administrativa"},"content":{"rendered":"\t\t<div data-elementor-type=\"wp-page\" data-elementor-id=\"426\" class=\"elementor elementor-426\" data-elementor-post-type=\"page\">\n\t\t\t\t\t\t<section class=\"elementor-section elementor-top-section elementor-element elementor-element-1d93170 elementor-section-full_width elementor-section-height-min-height elementor-section-height-default elementor-section-items-middle\" data-id=\"1d93170\" data-element_type=\"section\" data-e-type=\"section\" data-settings=\"{&quot;background_background&quot;:&quot;classic&quot;}\">\n\t\t\t\t\t\t\t<div class=\"elementor-background-overlay\"><\/div>\n\t\t\t\t\t\t\t<div class=\"elementor-container elementor-column-gap-default\">\n\t\t\t\t\t<div class=\"elementor-column elementor-col-100 elementor-top-column elementor-element elementor-element-7f945f3\" data-id=\"7f945f3\" data-element_type=\"column\" data-e-type=\"column\">\n\t\t\t<div class=\"elementor-widget-wrap elementor-element-populated\">\n\t\t\t\t\t\t<div class=\"elementor-element elementor-element-11729d5 elementor-widget elementor-widget-heading\" data-id=\"11729d5\" data-element_type=\"widget\" data-e-type=\"widget\" data-widget_type=\"heading.default\">\n\t\t\t\t<div class=\"elementor-widget-container\">\n\t\t\t\t\t<h2 class=\"elementor-heading-title elementor-size-default\">Secretaria Administrativa<\/h2>\t\t\t\t<\/div>\n\t\t\t\t<\/div>\n\t\t\t\t\t<\/div>\n\t\t<\/div>\n\t\t\t\t\t<\/div>\n\t\t<\/section>\n\t\t\t\t<section class=\"elementor-section elementor-top-section elementor-element elementor-element-f9e680f elementor-section-boxed elementor-section-height-default elementor-section-height-default\" data-id=\"f9e680f\" data-element_type=\"section\" data-e-type=\"section\">\n\t\t\t\t\t\t<div class=\"elementor-container elementor-column-gap-default\">\n\t\t\t\t\t<div class=\"elementor-column elementor-col-100 elementor-top-column elementor-element elementor-element-083ac61\" data-id=\"083ac61\" data-element_type=\"column\" data-e-type=\"column\">\n\t\t\t<div class=\"elementor-widget-wrap elementor-element-populated\">\n\t\t\t\t\t\t<div class=\"elementor-element elementor-element-4dc7b9e elementor-widget elementor-widget-text-editor\" data-id=\"4dc7b9e\" data-element_type=\"widget\" data-e-type=\"widget\" data-widget_type=\"text-editor.default\">\n\t\t\t\t<div class=\"elementor-widget-container\">\n\t\t\t\t\t\t\t\t\t<p>Comanda, coordena e controla a Secretaria Administrativa da Autarquia e seus \u00f3rg\u00e3os subordinados. Suas principais atribui\u00e7\u00f5es s\u00e3o:<\/p><p>a) Executar e\/ou orientar trabalhos administrativos de complexidade variada;<\/p><p>b) Examinar processos relativos a aquisi\u00e7\u00e3o de material, presta\u00e7\u00e3o de servi\u00e7os e outros de natureza administrativa;<\/p><p>c) Colaborar na elabora\u00e7\u00e3o de manuais, bem como na confec\u00e7\u00e3o de formul\u00e1rios para o desenvolvimento e acompanhamento dos trabalhos administrativos, al\u00e9m de outros, quando for o caso;<\/p><p>d) Redigir relat\u00f3rios, cartas, of\u00edcios, exposi\u00e7\u00f5es e outros tipos de reda\u00e7\u00e3o oficial e\/ou comercial;<\/p><p>e) Executar confer\u00eancia de trabalhos gerais de datilografia, digita\u00e7\u00e3o, c\u00e1lculos e outros;<\/p><p>f) Elaborar editais e outros documentos de tr\u00e2nsito interno ou externo;<\/p><p>g) Orientar e supervisionar os trabalhos executados por ocupantes de cargos menos categorizados funcionalmente;<\/p><p>h) Coordenar as fun\u00e7\u00f5es administrativas de pessoal, sob a orienta\u00e7\u00e3o da Secret\u00e1ria Executiva;<\/p><p>i) Encaminhar os Processos julgados do CRECI ao COFECI;<\/p><p>j) Manter registro relativo aos membros do CRECI quanto a representa\u00e7\u00e3o, investidura, prazo de mandato, posse, licen\u00e7as e dados pessoais de identidade;<\/p><p>k) Receber dos membros do CRECI os processos por eles estudados;<\/p><p>l) Manter controle quanto ao n\u00famero de processos distribu\u00eddos aos membros do CRECI;<\/p><p>m) Receber e registrar documentos, processos e correspond\u00eancias;<\/p><p>n) Organizar e manter atualizados registros de documentos, processos e correspond\u00eancias;<\/p><p>o) Efetuar e controlar a expedi\u00e7\u00e3o de documentos, processos e correspond\u00eancias internas e externas, inclusive atrav\u00e9s de malote;<\/p><p>p) Pesquisar e manter arquivo da Legisla\u00e7\u00e3o e normas referentes a \u00e1rea trabalhista em geral;<\/p><p>q) Controlar a escala de f\u00e9rias dos servidores;<\/p><p>r) Controlar o livro de ponto dos servidores, mantendo-os em arquivo pr\u00f3prio, juntamente com as justificativas de faltas;<\/p><p>s) Organizar arquivo pr\u00f3prio de documentos pertinentes a sua \u00e1rea;<\/p>\t\t\t\t\t\t\t\t<\/div>\n\t\t\t\t<\/div>\n\t\t\t\t\t<\/div>\n\t\t<\/div>\n\t\t\t\t\t<\/div>\n\t\t<\/section>\n\t\t\t\t<\/div>\n\t\t","protected":false},"excerpt":{"rendered":"<p>Secretaria Administrativa Comanda, coordena e controla a Secretaria Administrativa da Autarquia e seus \u00f3rg\u00e3os subordinados. Suas principais atribui\u00e7\u00f5es s\u00e3o: a) Executar e\/ou orientar trabalhos administrativos de complexidade variada; b) Examinar processos relativos a aquisi\u00e7\u00e3o de material, presta\u00e7\u00e3o de servi\u00e7os e outros de natureza administrativa; c) Colaborar na elabora\u00e7\u00e3o de manuais, bem como na confec\u00e7\u00e3o de [&hellip;]<\/p>\n","protected":false},"author":31,"featured_media":0,"parent":424,"menu_order":0,"comment_status":"closed","ping_status":"closed","template":"elementor_header_footer","meta":{"_exactmetrics_skip_tracking":false,"_exactmetrics_sitenote_active":false,"_exactmetrics_sitenote_note":"","_exactmetrics_sitenote_category":0,"footnotes":""},"class_list":["post-426","page","type-page","status-publish","hentry"],"_links":{"self":[{"href":"https:\/\/creci-pa.gov.br\/index.php?rest_route=\/wp\/v2\/pages\/426","targetHints":{"allow":["GET"]}}],"collection":[{"href":"https:\/\/creci-pa.gov.br\/index.php?rest_route=\/wp\/v2\/pages"}],"about":[{"href":"https:\/\/creci-pa.gov.br\/index.php?rest_route=\/wp\/v2\/types\/page"}],"author":[{"embeddable":true,"href":"https:\/\/creci-pa.gov.br\/index.php?rest_route=\/wp\/v2\/users\/31"}],"replies":[{"embeddable":true,"href":"https:\/\/creci-pa.gov.br\/index.php?rest_route=%2Fwp%2Fv2%2Fcomments&post=426"}],"version-history":[{"count":13,"href":"https:\/\/creci-pa.gov.br\/index.php?rest_route=\/wp\/v2\/pages\/426\/revisions"}],"predecessor-version":[{"id":12360,"href":"https:\/\/creci-pa.gov.br\/index.php?rest_route=\/wp\/v2\/pages\/426\/revisions\/12360"}],"up":[{"embeddable":true,"href":"https:\/\/creci-pa.gov.br\/index.php?rest_route=\/wp\/v2\/pages\/424"}],"wp:attachment":[{"href":"https:\/\/creci-pa.gov.br\/index.php?rest_route=%2Fwp%2Fv2%2Fmedia&parent=426"}],"curies":[{"name":"wp","href":"https:\/\/api.w.org\/{rel}","templated":true}]}}