{"id":432,"date":"2016-03-09T19:53:05","date_gmt":"2016-03-09T19:53:05","guid":{"rendered":"http:\/\/127.0.0.1\/sitecreci\/?page_id=432"},"modified":"2022-11-08T18:03:59","modified_gmt":"2022-11-08T18:03:59","slug":"secretaria-de-informatica","status":"publish","type":"page","link":"https:\/\/creci-pa.gov.br\/?page_id=432","title":{"rendered":"Secretaria de Inform\u00e1tica"},"content":{"rendered":"\t\t<div data-elementor-type=\"wp-page\" data-elementor-id=\"432\" class=\"elementor elementor-432\" data-elementor-post-type=\"page\">\n\t\t\t\t\t\t<section class=\"elementor-section elementor-top-section elementor-element elementor-element-ce2236e elementor-section-full_width elementor-section-height-min-height elementor-section-height-default elementor-section-items-middle\" data-id=\"ce2236e\" data-element_type=\"section\" data-e-type=\"section\" data-settings=\"{&quot;background_background&quot;:&quot;classic&quot;}\">\n\t\t\t\t\t\t\t<div class=\"elementor-background-overlay\"><\/div>\n\t\t\t\t\t\t\t<div class=\"elementor-container elementor-column-gap-default\">\n\t\t\t\t\t<div class=\"elementor-column elementor-col-100 elementor-top-column elementor-element elementor-element-a8355e8\" data-id=\"a8355e8\" data-element_type=\"column\" data-e-type=\"column\">\n\t\t\t<div class=\"elementor-widget-wrap elementor-element-populated\">\n\t\t\t\t\t\t<div class=\"elementor-element elementor-element-73e3b3d elementor-widget elementor-widget-heading\" data-id=\"73e3b3d\" data-element_type=\"widget\" data-e-type=\"widget\" data-widget_type=\"heading.default\">\n\t\t\t\t<div class=\"elementor-widget-container\">\n\t\t\t\t\t<h2 class=\"elementor-heading-title elementor-size-default\">Secretaria de Inform\u00e1tica<\/h2>\t\t\t\t<\/div>\n\t\t\t\t<\/div>\n\t\t\t\t\t<\/div>\n\t\t<\/div>\n\t\t\t\t\t<\/div>\n\t\t<\/section>\n\t\t\t\t<section class=\"elementor-section elementor-top-section elementor-element elementor-element-c5f2a2c elementor-section-boxed elementor-section-height-default elementor-section-height-default\" data-id=\"c5f2a2c\" data-element_type=\"section\" data-e-type=\"section\">\n\t\t\t\t\t\t<div class=\"elementor-container elementor-column-gap-default\">\n\t\t\t\t\t<div class=\"elementor-column elementor-col-100 elementor-top-column elementor-element elementor-element-bc27706\" data-id=\"bc27706\" data-element_type=\"column\" data-e-type=\"column\">\n\t\t\t<div class=\"elementor-widget-wrap elementor-element-populated\">\n\t\t\t\t\t\t<div class=\"elementor-element elementor-element-dbcdd11 elementor-widget elementor-widget-text-editor\" data-id=\"dbcdd11\" data-element_type=\"widget\" data-e-type=\"widget\" data-widget_type=\"text-editor.default\">\n\t\t\t\t<div class=\"elementor-widget-container\">\n\t\t\t\t\t\t\t\t\t<p>Elabora programas compat\u00edveis com o equipamento da Autarquia ou seguindo as especifica\u00e7\u00f5es determinadas pela Diretoria, opera equipamentos variados de inform\u00e1tica. Sua principais atribui\u00e7\u00f5es s\u00e3o:<\/p><p>a) Elaborar programas variados para atender as necessidades do \u00f3rg\u00e3o, em linguagem compat\u00edvel;<\/p><p>b) Manter arquivo organizado de todo material pertinente a \u00e1rea de inform\u00e1tica;<\/p><p>c) Prestar assist\u00eancia nos assuntos relativos a sua \u00e1rea de atua\u00e7\u00e3o, coligindo informes t\u00e9cnicos necess\u00e1rios ao exame e apresenta\u00e7\u00e3o de sugest\u00e3o sobre a mat\u00e9ria, e encaminhar a aprecia\u00e7\u00e3o superior;<\/p><p>d) Orientar e coordenar o pessoal t\u00e9cnico-administrativo em fun\u00e7\u00f5es correlatas a \u00e1rea de inform\u00e1tica;<\/p><p>e) Elaborar relat\u00f3rios de acompanhamento ou conclusivos sobre os trabalhos de sua \u00e1rea profissional;<\/p><p>f) Digitar mat\u00e9rias para arquivo ou opera\u00e7\u00e3o de equipamento;<\/p><p>g) Zelar pelo sigilo das informa\u00e7\u00f5es e programas da Autarquia;<\/p><p>h) Fornecer listagens e relat\u00f3rios \u00e0s pessoas credenciadas;<\/p><p>i) Executar outras tarefas compat\u00edveis com a natureza do cargo.<\/p>\t\t\t\t\t\t\t\t<\/div>\n\t\t\t\t<\/div>\n\t\t\t\t\t<\/div>\n\t\t<\/div>\n\t\t\t\t\t<\/div>\n\t\t<\/section>\n\t\t\t\t<\/div>\n\t\t","protected":false},"excerpt":{"rendered":"<p>Secretaria de Inform\u00e1tica Elabora programas compat\u00edveis com o equipamento da Autarquia ou seguindo as especifica\u00e7\u00f5es determinadas pela Diretoria, opera equipamentos variados de inform\u00e1tica. Sua principais atribui\u00e7\u00f5es s\u00e3o: a) Elaborar programas variados para atender as necessidades do \u00f3rg\u00e3o, em linguagem compat\u00edvel; b) Manter arquivo organizado de todo material pertinente a \u00e1rea de inform\u00e1tica; c) Prestar assist\u00eancia [&hellip;]<\/p>\n","protected":false},"author":31,"featured_media":0,"parent":424,"menu_order":0,"comment_status":"closed","ping_status":"closed","template":"elementor_header_footer","meta":{"_exactmetrics_skip_tracking":false,"_exactmetrics_sitenote_active":false,"_exactmetrics_sitenote_note":"","_exactmetrics_sitenote_category":0,"footnotes":""},"class_list":["post-432","page","type-page","status-publish","hentry"],"_links":{"self":[{"href":"https:\/\/creci-pa.gov.br\/index.php?rest_route=\/wp\/v2\/pages\/432","targetHints":{"allow":["GET"]}}],"collection":[{"href":"https:\/\/creci-pa.gov.br\/index.php?rest_route=\/wp\/v2\/pages"}],"about":[{"href":"https:\/\/creci-pa.gov.br\/index.php?rest_route=\/wp\/v2\/types\/page"}],"author":[{"embeddable":true,"href":"https:\/\/creci-pa.gov.br\/index.php?rest_route=\/wp\/v2\/users\/31"}],"replies":[{"embeddable":true,"href":"https:\/\/creci-pa.gov.br\/index.php?rest_route=%2Fwp%2Fv2%2Fcomments&post=432"}],"version-history":[{"count":10,"href":"https:\/\/creci-pa.gov.br\/index.php?rest_route=\/wp\/v2\/pages\/432\/revisions"}],"predecessor-version":[{"id":12428,"href":"https:\/\/creci-pa.gov.br\/index.php?rest_route=\/wp\/v2\/pages\/432\/revisions\/12428"}],"up":[{"embeddable":true,"href":"https:\/\/creci-pa.gov.br\/index.php?rest_route=\/wp\/v2\/pages\/424"}],"wp:attachment":[{"href":"https:\/\/creci-pa.gov.br\/index.php?rest_route=%2Fwp%2Fv2%2Fmedia&parent=432"}],"curies":[{"name":"wp","href":"https:\/\/api.w.org\/{rel}","templated":true}]}}