{"id":507,"date":"2016-03-11T18:55:45","date_gmt":"2016-03-11T18:55:45","guid":{"rendered":"http:\/\/127.0.0.1\/sitecreci\/?page_id=507"},"modified":"2025-09-24T16:38:02","modified_gmt":"2025-09-24T16:38:02","slug":"documentos-para-inscricao","status":"publish","type":"page","link":"https:\/\/creci-pa.gov.br\/?page_id=507","title":{"rendered":"Documentos para Inscri\u00e7\u00e3o"},"content":{"rendered":"\t\t<div data-elementor-type=\"wp-page\" data-elementor-id=\"507\" class=\"elementor elementor-507\" data-elementor-post-type=\"page\">\n\t\t\t\t\t\t<section class=\"elementor-section elementor-top-section elementor-element elementor-element-7a3d146 elementor-section-full_width elementor-section-height-min-height elementor-section-height-default elementor-section-items-middle\" data-id=\"7a3d146\" data-element_type=\"section\" data-e-type=\"section\" data-settings=\"{&quot;background_background&quot;:&quot;classic&quot;}\">\n\t\t\t\t\t\t\t<div class=\"elementor-background-overlay\"><\/div>\n\t\t\t\t\t\t\t<div class=\"elementor-container elementor-column-gap-default\">\n\t\t\t\t\t<div class=\"elementor-column elementor-col-100 elementor-top-column elementor-element elementor-element-1b568f4\" data-id=\"1b568f4\" data-element_type=\"column\" data-e-type=\"column\">\n\t\t\t<div class=\"elementor-widget-wrap elementor-element-populated\">\n\t\t\t\t\t\t<div class=\"elementor-element elementor-element-6cc96ac elementor-widget elementor-widget-heading\" data-id=\"6cc96ac\" data-element_type=\"widget\" data-e-type=\"widget\" data-widget_type=\"heading.default\">\n\t\t\t\t<div class=\"elementor-widget-container\">\n\t\t\t\t\t<h2 class=\"elementor-heading-title elementor-size-default\">Documentos para inscri\u00e7\u00e3o<\/h2>\t\t\t\t<\/div>\n\t\t\t\t<\/div>\n\t\t\t\t\t<\/div>\n\t\t<\/div>\n\t\t\t\t\t<\/div>\n\t\t<\/section>\n\t\t\t\t<section class=\"elementor-section elementor-top-section elementor-element elementor-element-7fdaa8a elementor-section-boxed elementor-section-height-default elementor-section-height-default\" data-id=\"7fdaa8a\" data-element_type=\"section\" data-e-type=\"section\">\n\t\t\t\t\t\t<div class=\"elementor-container elementor-column-gap-default\">\n\t\t\t\t\t<div class=\"elementor-column elementor-col-100 elementor-top-column elementor-element elementor-element-fdfdb99\" data-id=\"fdfdb99\" data-element_type=\"column\" data-e-type=\"column\">\n\t\t\t<div class=\"elementor-widget-wrap elementor-element-populated\">\n\t\t\t\t\t\t<div class=\"elementor-element elementor-element-5c99282 elementor-widget elementor-widget-text-editor\" data-id=\"5c99282\" data-element_type=\"widget\" data-e-type=\"widget\" data-widget_type=\"text-editor.default\">\n\t\t\t\t<div class=\"elementor-widget-container\">\n\t\t\t\t\t\t\t\t\t<p>PESSOA F\u00cdSICA<\/p>\n<p>&nbsp;1) Diploma T.T.I. (Original e c\u00f3pia)<br>2) Carteira de Identidade emitida pela Secret\u00e1ria de Seguran\u00e7a P\u00fablica&nbsp;(Original e c\u00f3pia)<br>3) CPF (Original e c\u00f3pia)<br>4) T\u00edtulo de Eleitor (Original e c\u00f3pia)<br>5) Certificado de Reservista (Origina e c\u00f3pia) para homens<br>6) Comprovante de Resid\u00eancia do m\u00eas, somente&nbsp;das companhias de \u00e1gua ou luz (Original e c\u00f3pia)<br>7) 2 fotos 3&#215;4 coloridas (com gravata para homens)<br>8) Hist\u00f3rico Escolar do Ensino M\u00e9dio<br>9) Certificado de Conclus\u00e3o do Ensino M\u00e9dio<br><br><\/p>\n<p>PESSOA JUR\u00cdDICA<\/p>\n<p>1) Ficha de Inscri\u00e7\u00e3o Principal &#8211; Pessoa Jur\u00eddica (Fornecida&nbsp;pelo CRECI)<br>2) Declara\u00e7\u00e3o de Idoneidade<br>3) Comprovante de quita\u00e7\u00e3o das taxas iniciais perante ao Conselho<br>4) C\u00f3pia do Contrato Social e as respectivas altera\u00e7\u00f5es<br>5) C\u00f3pia do CNPJ<br>6) C\u00f3pia do comprovante de endere\u00e7o da empresa<br>7) C\u00f3pia do RG, CPF do(s) S\u00f3cio(s), Gerente ou Diretor<\/p>\t\t\t\t\t\t\t\t<\/div>\n\t\t\t\t<\/div>\n\t\t\t\t\t<\/div>\n\t\t<\/div>\n\t\t\t\t\t<\/div>\n\t\t<\/section>\n\t\t<div class=\"elementor-element elementor-element-006bbc6 e-flex e-con-boxed e-con e-parent\" data-id=\"006bbc6\" data-element_type=\"container\" data-e-type=\"container\">\n\t\t\t\t\t<div class=\"e-con-inner\">\n\t\t\t\t<div class=\"elementor-element elementor-element-4718a47 elementor-widget elementor-widget-heading\" data-id=\"4718a47\" data-element_type=\"widget\" data-e-type=\"widget\" data-widget_type=\"heading.default\">\n\t\t\t\t<div class=\"elementor-widget-container\">\n\t\t\t\t\t<h2 class=\"elementor-heading-title elementor-size-default\">Formul\u00e1rios de inscri\u00e7\u00e3o<\/h2>\t\t\t\t<\/div>\n\t\t\t\t<\/div>\n\t\t\t\t\t<\/div>\n\t\t\t\t<\/div>\n\t\t<div class=\"elementor-element elementor-element-d95a2bc e-flex e-con-boxed e-con e-parent\" data-id=\"d95a2bc\" data-element_type=\"container\" data-e-type=\"container\">\n\t\t\t\t\t<div class=\"e-con-inner\">\n\t\t\t\t<div class=\"elementor-element elementor-element-07f3694 elementor-icon-list--layout-traditional elementor-list-item-link-full_width elementor-widget elementor-widget-icon-list\" data-id=\"07f3694\" data-element_type=\"widget\" data-e-type=\"widget\" data-widget_type=\"icon-list.default\">\n\t\t\t\t<div class=\"elementor-widget-container\">\n\t\t\t\t\t\t\t<ul class=\"elementor-icon-list-items\">\n\t\t\t\t\t\t\t<li class=\"elementor-icon-list-item\">\n\t\t\t\t\t\t\t\t\t\t\t<a href=\"https:\/\/creci-pa.gov.br\/wp-content\/uploads\/2025\/06\/FORMULARIO-PESSOA-JURIDICA-EDIT.pdf\">\n\n\t\t\t\t\t\t\t\t\t\t\t\t<span class=\"elementor-icon-list-icon\">\n\t\t\t\t\t\t\t<i aria-hidden=\"true\" class=\"fas fa-file-pdf\"><\/i>\t\t\t\t\t\t<\/span>\n\t\t\t\t\t\t\t\t\t\t<span class=\"elementor-icon-list-text\">Formul\u00e1rio de Inscri\u00e7\u00e3o (Pessoa Jur\u00eddica)<\/span>\n\t\t\t\t\t\t\t\t\t\t\t<\/a>\n\t\t\t\t\t\t\t\t\t<\/li>\n\t\t\t\t\t\t<\/ul>\n\t\t\t\t\t\t<\/div>\n\t\t\t\t<\/div>\n\t\t\t\t\t<\/div>\n\t\t\t\t<\/div>\n\t\t\t\t<\/div>\n\t\t","protected":false},"excerpt":{"rendered":"<p>Documentos para inscri\u00e7\u00e3o PESSOA F\u00cdSICA &nbsp;1) Diploma T.T.I. (Original e c\u00f3pia)2) Carteira de Identidade emitida pela Secret\u00e1ria de Seguran\u00e7a P\u00fablica&nbsp;(Original e c\u00f3pia)3) CPF (Original e c\u00f3pia)4) T\u00edtulo de Eleitor (Original e c\u00f3pia)5) Certificado de Reservista (Origina e c\u00f3pia) para homens6) Comprovante de Resid\u00eancia do m\u00eas, somente&nbsp;das companhias de \u00e1gua ou luz (Original e c\u00f3pia)7) 2 [&hellip;]<\/p>\n","protected":false},"author":31,"featured_media":0,"parent":439,"menu_order":0,"comment_status":"closed","ping_status":"closed","template":"elementor_header_footer","meta":{"_exactmetrics_skip_tracking":false,"_exactmetrics_sitenote_active":false,"_exactmetrics_sitenote_note":"","_exactmetrics_sitenote_category":0,"footnotes":""},"class_list":["post-507","page","type-page","status-publish","hentry"],"_links":{"self":[{"href":"https:\/\/creci-pa.gov.br\/index.php?rest_route=\/wp\/v2\/pages\/507","targetHints":{"allow":["GET"]}}],"collection":[{"href":"https:\/\/creci-pa.gov.br\/index.php?rest_route=\/wp\/v2\/pages"}],"about":[{"href":"https:\/\/creci-pa.gov.br\/index.php?rest_route=\/wp\/v2\/types\/page"}],"author":[{"embeddable":true,"href":"https:\/\/creci-pa.gov.br\/index.php?rest_route=\/wp\/v2\/users\/31"}],"replies":[{"embeddable":true,"href":"https:\/\/creci-pa.gov.br\/index.php?rest_route=%2Fwp%2Fv2%2Fcomments&post=507"}],"version-history":[{"count":69,"href":"https:\/\/creci-pa.gov.br\/index.php?rest_route=\/wp\/v2\/pages\/507\/revisions"}],"predecessor-version":[{"id":17899,"href":"https:\/\/creci-pa.gov.br\/index.php?rest_route=\/wp\/v2\/pages\/507\/revisions\/17899"}],"up":[{"embeddable":true,"href":"https:\/\/creci-pa.gov.br\/index.php?rest_route=\/wp\/v2\/pages\/439"}],"wp:attachment":[{"href":"https:\/\/creci-pa.gov.br\/index.php?rest_route=%2Fwp%2Fv2%2Fmedia&parent=507"}],"curies":[{"name":"wp","href":"https:\/\/api.w.org\/{rel}","templated":true}]}}