{"id":512,"date":"2016-03-11T19:08:41","date_gmt":"2016-03-11T19:08:41","guid":{"rendered":"http:\/\/127.0.0.1\/sitecreci\/?page_id=512"},"modified":"2022-11-09T18:27:00","modified_gmt":"2022-11-09T18:27:00","slug":"torne-se-um-corretor","status":"publish","type":"page","link":"https:\/\/creci-pa.gov.br\/?page_id=512","title":{"rendered":"Torne-se um Corretor"},"content":{"rendered":"\t\t<div data-elementor-type=\"wp-page\" data-elementor-id=\"512\" class=\"elementor elementor-512\" data-elementor-post-type=\"page\">\n\t\t\t\t\t\t<section class=\"elementor-section elementor-top-section elementor-element elementor-element-5c254d8 elementor-section-full_width elementor-section-height-min-height elementor-section-height-default elementor-section-items-middle\" data-id=\"5c254d8\" data-element_type=\"section\" data-e-type=\"section\" data-settings=\"{&quot;background_background&quot;:&quot;classic&quot;}\">\n\t\t\t\t\t\t\t<div class=\"elementor-background-overlay\"><\/div>\n\t\t\t\t\t\t\t<div class=\"elementor-container elementor-column-gap-default\">\n\t\t\t\t\t<div class=\"elementor-column elementor-col-100 elementor-top-column elementor-element elementor-element-df8b1c7\" data-id=\"df8b1c7\" data-element_type=\"column\" data-e-type=\"column\">\n\t\t\t<div class=\"elementor-widget-wrap elementor-element-populated\">\n\t\t\t\t\t\t<div class=\"elementor-element elementor-element-97b4d88 elementor-widget elementor-widget-heading\" data-id=\"97b4d88\" data-element_type=\"widget\" data-e-type=\"widget\" data-widget_type=\"heading.default\">\n\t\t\t\t<div class=\"elementor-widget-container\">\n\t\t\t\t\t<h2 class=\"elementor-heading-title elementor-size-default\">Torne-se um Corretor<\/h2>\t\t\t\t<\/div>\n\t\t\t\t<\/div>\n\t\t\t\t\t<\/div>\n\t\t<\/div>\n\t\t\t\t\t<\/div>\n\t\t<\/section>\n\t\t\t\t<section class=\"elementor-section elementor-top-section elementor-element elementor-element-a86faa4 elementor-section-boxed elementor-section-height-default elementor-section-height-default\" data-id=\"a86faa4\" data-element_type=\"section\" data-e-type=\"section\">\n\t\t\t\t\t\t<div class=\"elementor-container elementor-column-gap-default\">\n\t\t\t\t\t<div class=\"elementor-column elementor-col-100 elementor-top-column elementor-element elementor-element-2cead3c\" data-id=\"2cead3c\" data-element_type=\"column\" data-e-type=\"column\">\n\t\t\t<div class=\"elementor-widget-wrap elementor-element-populated\">\n\t\t\t\t\t\t<div class=\"elementor-element elementor-element-518e40c elementor-widget elementor-widget-text-editor\" data-id=\"518e40c\" data-element_type=\"widget\" data-e-type=\"widget\" data-widget_type=\"text-editor.default\">\n\t\t\t\t<div class=\"elementor-widget-container\">\n\t\t\t\t\t\t\t\t\t<p class=\"style28\"><strong>QUE \u00c9 PRECISO PARA SE TORNAR UM CORRETOR DE IM\u00d3VEIS?<\/strong><\/p><p class=\"style28\" style=\"text-align: justify;\">Antes da Lei Federal 6.530, qualquer pessoa podia exercer livremente a profiss\u00e3o de Corretor de Im\u00f3veis, bastando que algum cliente lhe confiasse a compra, venda ou loca\u00e7\u00e3o de um Im\u00f3vel.<\/p><p class=\"style28\" style=\"text-align: justify;\">Com a aprova\u00e7\u00e3o da chamada Lei dos Corretores de Im\u00f3veis, aprovada em 12 de maio de 1978, a profiss\u00e3o passa a ser regulamentada e os profissionais foram reunidos nos Conselhos Regionais, entidades normalmente instaladas nas capitais dos Estados e respons\u00e1veis pela fiscaliza\u00e7\u00e3o do exerc\u00edcio da Profiss\u00e3o.<\/p><p class=\"style28\"><strong>FORMA\u00c7\u00c3O CIENT\u00cdFICA<\/strong><\/p><p class=\"style28\" style=\"text-align: justify;\">A capacita\u00e7\u00e3o do Corretor de Im\u00f3veis sempre foi uma busca constante do COFECI e dos Conselhos Regionais. E foi por isso que foi editada a resolu\u00e7\u00e3o do Conselho Federal que determina a escolaridade m\u00ednima de 2\u00ba grau para os novos Corretores de Im\u00f3veis. A partir de 2000 todos os candidatos a Corretor precisava concluir o Curso de T\u00e9cnico em Transa\u00e7\u00f5es Imobili\u00e1rias.<\/p><p class=\"style28\"><strong>CURSO SUPERIOR<\/strong><\/p><p class=\"style28\" style=\"text-align: justify;\">Hoje o Corretor de Im\u00f3veis est\u00e1 ainda mais preparado para o mercado uma vez que tem a oportunidade de aprofundar seus conhecimentos no curso superior de Gest\u00e3o Imobili\u00e1ria.<\/p><p class=\"style28\">\u00a0<strong>RESUMO<\/strong><\/p><p class=\"style28\">\u00a0S\u00e3o requisitos indispens\u00e1veis para o exerc\u00edcio da profiss\u00e3o de Corretor de Im\u00f3veis:<\/p><p class=\"style28\">&#8211; Forma\u00e7\u00e3o escolar de N\u00edvel M\u00e9dio (Antigo 2\u00ba grau)<br \/>&#8211; Forma\u00e7\u00e3o no curso de T\u00e9cnico em Transa\u00e7\u00f5es Imobili\u00e1rias<br \/>&#8211; Op\u00e7\u00e3o pelo curso de Ci\u00eancias Imobili\u00e1rias ou Gest\u00e3o Imobili\u00e1ria<br \/>&#8211; Inscri\u00e7\u00e3o no Conselho Regional de Corretores de Im\u00f3veis<\/p><p class=\"style28\">\u00a0<strong>ONDE ESTUDAR<\/strong><\/p><p class=\"style28\">\u00a0<span class=\"style28\">Para mais informa\u00e7\u00f5es visite\u00a0<a href=\"https:\/\/creci-pa.gov.br\/instituicoes-de-ensino-autorizadas-pelo-cofeci\/\"><strong>Escolas Autorizadas<\/strong><\/a><\/span><\/p>\t\t\t\t\t\t\t\t<\/div>\n\t\t\t\t<\/div>\n\t\t\t\t\t<\/div>\n\t\t<\/div>\n\t\t\t\t\t<\/div>\n\t\t<\/section>\n\t\t\t\t<\/div>\n\t\t","protected":false},"excerpt":{"rendered":"<p>Torne-se um Corretor QUE \u00c9 PRECISO PARA SE TORNAR UM CORRETOR DE IM\u00d3VEIS? Antes da Lei Federal 6.530, qualquer pessoa podia exercer livremente a profiss\u00e3o de Corretor de Im\u00f3veis, bastando que algum cliente lhe confiasse a compra, venda ou loca\u00e7\u00e3o de um Im\u00f3vel. Com a aprova\u00e7\u00e3o da chamada Lei dos Corretores de Im\u00f3veis, aprovada em [&hellip;]<\/p>\n","protected":false},"author":31,"featured_media":0,"parent":439,"menu_order":0,"comment_status":"closed","ping_status":"closed","template":"elementor_header_footer","meta":{"_exactmetrics_skip_tracking":false,"_exactmetrics_sitenote_active":false,"_exactmetrics_sitenote_note":"","_exactmetrics_sitenote_category":0,"footnotes":""},"class_list":["post-512","page","type-page","status-publish","hentry"],"_links":{"self":[{"href":"https:\/\/creci-pa.gov.br\/index.php?rest_route=\/wp\/v2\/pages\/512","targetHints":{"allow":["GET"]}}],"collection":[{"href":"https:\/\/creci-pa.gov.br\/index.php?rest_route=\/wp\/v2\/pages"}],"about":[{"href":"https:\/\/creci-pa.gov.br\/index.php?rest_route=\/wp\/v2\/types\/page"}],"author":[{"embeddable":true,"href":"https:\/\/creci-pa.gov.br\/index.php?rest_route=\/wp\/v2\/users\/31"}],"replies":[{"embeddable":true,"href":"https:\/\/creci-pa.gov.br\/index.php?rest_route=%2Fwp%2Fv2%2Fcomments&post=512"}],"version-history":[{"count":4,"href":"https:\/\/creci-pa.gov.br\/index.php?rest_route=\/wp\/v2\/pages\/512\/revisions"}],"predecessor-version":[{"id":12500,"href":"https:\/\/creci-pa.gov.br\/index.php?rest_route=\/wp\/v2\/pages\/512\/revisions\/12500"}],"up":[{"embeddable":true,"href":"https:\/\/creci-pa.gov.br\/index.php?rest_route=\/wp\/v2\/pages\/439"}],"wp:attachment":[{"href":"https:\/\/creci-pa.gov.br\/index.php?rest_route=%2Fwp%2Fv2%2Fmedia&parent=512"}],"curies":[{"name":"wp","href":"https:\/\/api.w.org\/{rel}","templated":true}]}}